{"id":3763,"date":"2024-09-13T17:13:41","date_gmt":"2024-09-13T17:13:41","guid":{"rendered":"https:\/\/casadeabis.com\/?page_id=3763"},"modified":"2025-02-13T16:54:34","modified_gmt":"2025-02-13T16:54:34","slug":"blog","status":"publish","type":"page","link":"https:\/\/casadeabis.com\/en\/blog\/","title":{"rendered":"Blog"},"content":{"rendered":"\t\t<div data-elementor-type=\"wp-post\" data-elementor-id=\"3763\" class=\"elementor elementor-3763\" data-elementor-post-type=\"page\">\n\t\t\t\t\t\t<section class=\"elementor-section elementor-top-section elementor-element elementor-element-b2f68e9 elementor-section-boxed elementor-section-height-default elementor-section-height-default\" data-id=\"b2f68e9\" data-element_type=\"section\" data-e-type=\"section\">\n\t\t\t\t\t\t<div class=\"elementor-container elementor-column-gap-default\">\n\t\t\t\t\t<div class=\"elementor-column elementor-col-100 elementor-top-column elementor-element elementor-element-ff0d34f\" data-id=\"ff0d34f\" data-element_type=\"column\" data-e-type=\"column\">\n\t\t\t<div class=\"elementor-widget-wrap elementor-element-populated\">\n\t\t\t\t\t\t<div class=\"elementor-element elementor-element-9f12105 elementor-widget elementor-widget-text-editor\" data-id=\"9f12105\" data-element_type=\"widget\" data-e-type=\"widget\" data-widget_type=\"text-editor.default\">\n\t\t\t\t<div class=\"elementor-widget-container\">\n\t\t\t\t\t\t\t\t\t<p>O nosso blog<\/p>\t\t\t\t\t\t\t\t<\/div>\n\t\t\t\t<\/div>\n\t\t\t\t<div class=\"elementor-element elementor-element-780f310 elementor-widget elementor-widget-text-editor\" data-id=\"780f310\" data-element_type=\"widget\" data-e-type=\"widget\" data-widget_type=\"text-editor.default\">\n\t\t\t\t<div class=\"elementor-widget-container\">\n\t\t\t\t\t\t\t\t\t<p>THE ABIS EDIT<\/p>\t\t\t\t\t\t\t\t<\/div>\n\t\t\t\t<\/div>\n\t\t\t\t\t<\/div>\n\t\t<\/div>\n\t\t\t\t\t<\/div>\n\t\t<\/section>\n\t\t\t\t<section class=\"elementor-section elementor-top-section elementor-element elementor-element-18107a9 elementor-hidden-desktop elementor-hidden-tablet elementor-hidden-mobile elementor-section-boxed elementor-section-height-default elementor-section-height-default\" data-id=\"18107a9\" data-element_type=\"section\" data-e-type=\"section\">\n\t\t\t\t\t\t<div class=\"elementor-container elementor-column-gap-default\">\n\t\t\t\t\t<div class=\"elementor-column elementor-col-100 elementor-top-column elementor-element elementor-element-bbd7bad\" data-id=\"bbd7bad\" data-element_type=\"column\" data-e-type=\"column\">\n\t\t\t<div class=\"elementor-widget-wrap elementor-element-populated\">\n\t\t\t\t\t\t<div class=\"elementor-element elementor-element-83d4905 elementor-search-form--skin-minimal elementor-widget elementor-widget-search-form\" data-id=\"83d4905\" data-element_type=\"widget\" data-e-type=\"widget\" data-settings=\"{&quot;skin&quot;:&quot;minimal&quot;}\" data-widget_type=\"search-form.default\">\n\t\t\t\t<div class=\"elementor-widget-container\">\n\t\t\t\t\t\t\t<search role=\"search\">\n\t\t\t<form class=\"elementor-search-form\" action=\"https:\/\/casadeabis.com\/en\" method=\"get\">\n\t\t\t\t\t\t\t\t\t\t\t\t<div class=\"elementor-search-form__container\">\n\t\t\t\t\t<label class=\"elementor-screen-only\" for=\"elementor-search-form-83d4905\">Search<\/label>\n\n\t\t\t\t\t\t\t\t\t\t\t<div class=\"elementor-search-form__icon\">\n\t\t\t\t\t\t\t<i aria-hidden=\"true\" class=\"fas fa-search\"><\/i>\t\t\t\t\t\t\t<span class=\"elementor-screen-only\">Search<\/span>\n\t\t\t\t\t\t<\/div>\n\t\t\t\t\t\n\t\t\t\t\t<input id=\"elementor-search-form-83d4905\" placeholder=\"PROCURAR\" class=\"elementor-search-form__input\" type=\"search\" name=\"s\" value=\"\">\n\t\t\t\t\t\n\t\t\t\t\t\n\t\t\t\t\t\t\t\t\t<\/div>\n\t\t\t<\/form>\n\t\t<\/search>\n\t\t\t\t\t\t<\/div>\n\t\t\t\t<\/div>\n\t\t\t\t\t<\/div>\n\t\t<\/div>\n\t\t\t\t\t<\/div>\n\t\t<\/section>\n\t\t\t\t<section class=\"elementor-section elementor-top-section elementor-element elementor-element-b9e3025 elementor-section-full_width elementor-section-height-min-height elementor-section-content-middle elementor-section-height-default elementor-section-items-middle\" data-id=\"b9e3025\" data-element_type=\"section\" data-e-type=\"section\" data-settings=\"{&quot;background_background&quot;:&quot;classic&quot;}\">\n\t\t\t\t\t\t\t<div class=\"elementor-background-overlay\"><\/div>\n\t\t\t\t\t\t\t<div class=\"elementor-container elementor-column-gap-default\">\n\t\t\t\t\t<div class=\"elementor-column elementor-col-100 elementor-top-column elementor-element elementor-element-ae4a9de\" data-id=\"ae4a9de\" data-element_type=\"column\" data-e-type=\"column\" data-settings=\"{&quot;background_background&quot;:&quot;classic&quot;}\">\n\t\t\t<div class=\"elementor-widget-wrap elementor-element-populated\">\n\t\t\t\t\t\t<section class=\"elementor-section elementor-inner-section elementor-element elementor-element-8c05c1f elementor-section-content-middle elementor-section-boxed elementor-section-height-default elementor-section-height-default\" data-id=\"8c05c1f\" data-element_type=\"section\" data-e-type=\"section\">\n\t\t\t\t\t\t<div class=\"elementor-container elementor-column-gap-default\">\n\t\t\t\t\t<div class=\"elementor-column elementor-col-50 elementor-inner-column elementor-element elementor-element-0d538ab\" data-id=\"0d538ab\" data-element_type=\"column\" data-e-type=\"column\">\n\t\t\t<div class=\"elementor-widget-wrap elementor-element-populated\">\n\t\t\t\t\t\t<div class=\"elementor-element elementor-element-be0d06c elementor-widget elementor-widget-text-editor\" data-id=\"be0d06c\" data-element_type=\"widget\" data-e-type=\"widget\" data-widget_type=\"text-editor.default\">\n\t\t\t\t<div class=\"elementor-widget-container\">\n\t\t\t\t\t\t\t\t\t<p>Camadas e Glac\u00ea<\/p>\t\t\t\t\t\t\t\t<\/div>\n\t\t\t\t<\/div>\n\t\t\t\t<div class=\"elementor-element elementor-element-d88be48 elementor-widget elementor-widget-text-editor\" data-id=\"d88be48\" data-element_type=\"widget\" data-e-type=\"widget\" data-widget_type=\"text-editor.default\">\n\t\t\t\t<div class=\"elementor-widget-container\">\n\t\t\t\t\t\t\t\t\t<p class=\"p1\">Tudo sobre Bolos de Casamento.<\/p>\t\t\t\t\t\t\t\t<\/div>\n\t\t\t\t<\/div>\n\t\t\t\t\t<\/div>\n\t\t<\/div>\n\t\t\t\t<div class=\"elementor-column elementor-col-50 elementor-inner-column elementor-element elementor-element-203f654\" data-id=\"203f654\" data-element_type=\"column\" data-e-type=\"column\">\n\t\t\t<div class=\"elementor-widget-wrap elementor-element-populated\">\n\t\t\t\t\t\t<div class=\"elementor-element elementor-element-6a03133 elementor-align-center elementor-mobile-align-left elementor-widget elementor-widget-button\" data-id=\"6a03133\" data-element_type=\"widget\" data-e-type=\"widget\" data-widget_type=\"button.default\">\n\t\t\t\t<div class=\"elementor-widget-container\">\n\t\t\t\t\t\t\t\t\t<div class=\"elementor-button-wrapper\">\n\t\t\t\t\t<a class=\"elementor-button elementor-button-link elementor-size-sm\" href=\"https:\/\/casadeabis.com\/pt\/blog\/camadas-glace\/\">\n\t\t\t\t\t\t<span class=\"elementor-button-content-wrapper\">\n\t\t\t\t\t\t\t\t\t<span class=\"elementor-button-text\">Saber mais<\/span>\n\t\t\t\t\t<\/span>\n\t\t\t\t\t<\/a>\n\t\t\t\t<\/div>\n\t\t\t\t\t\t\t\t<\/div>\n\t\t\t\t<\/div>\n\t\t\t\t\t<\/div>\n\t\t<\/div>\n\t\t\t\t\t<\/div>\n\t\t<\/section>\n\t\t\t\t\t<\/div>\n\t\t<\/div>\n\t\t\t\t\t<\/div>\n\t\t<\/section>\n\t\t\t\t<section class=\"elementor-section elementor-top-section elementor-element elementor-element-ea77b7d elementor-section-boxed elementor-section-height-default elementor-section-height-default\" data-id=\"ea77b7d\" data-element_type=\"section\" data-e-type=\"section\">\n\t\t\t\t\t\t<div class=\"elementor-container elementor-column-gap-default\">\n\t\t\t\t\t<div class=\"elementor-column elementor-col-50 elementor-top-column elementor-element elementor-element-c87489c\" data-id=\"c87489c\" data-element_type=\"column\" data-e-type=\"column\">\n\t\t\t<div class=\"elementor-widget-wrap elementor-element-populated\">\n\t\t\t\t\t\t<div class=\"elementor-element elementor-element-9de77ce elementor-widget elementor-widget-image\" data-id=\"9de77ce\" data-element_type=\"widget\" data-e-type=\"widget\" data-widget_type=\"image.default\">\n\t\t\t\t<div class=\"elementor-widget-container\">\n\t\t\t\t\t\t\t\t\t\t\t\t\t\t\t\t<a href=\"https:\/\/casadeabis.com\/pt\/blog\/camadas-glace\/\">\n\t\t\t\t\t\t\t<img fetchpriority=\"high\" decoding=\"async\" width=\"800\" height=\"800\" src=\"https:\/\/casadeabis.com\/wp-content\/uploads\/2024\/12\/1-1024x1024.jpg\" class=\"attachment-large size-large wp-image-4452\" alt=\"\" srcset=\"https:\/\/casadeabis.com\/wp-content\/uploads\/2024\/12\/1-1024x1024.jpg 1024w, https:\/\/casadeabis.com\/wp-content\/uploads\/2024\/12\/1-300x300.jpg 300w, https:\/\/casadeabis.com\/wp-content\/uploads\/2024\/12\/1-150x150.jpg 150w, https:\/\/casadeabis.com\/wp-content\/uploads\/2024\/12\/1-768x768.jpg 768w, https:\/\/casadeabis.com\/wp-content\/uploads\/2024\/12\/1-12x12.jpg 12w, https:\/\/casadeabis.com\/wp-content\/uploads\/2024\/12\/1.jpg 1080w\" sizes=\"(max-width: 800px) 100vw, 800px\" \/>\t\t\t\t\t\t\t\t<\/a>\n\t\t\t\t\t\t\t\t\t\t\t\t\t\t\t<\/div>\n\t\t\t\t<\/div>\n\t\t\t\t<div class=\"elementor-element elementor-element-6480774 elementor-widget elementor-widget-text-editor\" data-id=\"6480774\" data-element_type=\"widget\" data-e-type=\"widget\" data-widget_type=\"text-editor.default\">\n\t\t\t\t<div class=\"elementor-widget-container\">\n\t\t\t\t\t\t\t\t\t<p>BOLOS DE CASAMENTO<\/p>\t\t\t\t\t\t\t\t<\/div>\n\t\t\t\t<\/div>\n\t\t\t\t<div class=\"elementor-element elementor-element-30bb072 elementor-widget elementor-widget-heading\" data-id=\"30bb072\" data-element_type=\"widget\" data-e-type=\"widget\" data-widget_type=\"heading.default\">\n\t\t\t\t<div class=\"elementor-widget-container\">\n\t\t\t\t\t<h2 class=\"elementor-heading-title elementor-size-default\"><a href=\"https:\/\/casadeabis.com\/pt\/blog\/camadas-glace\/\">Camadas e Glac\u00ea<\/a><\/h2>\t\t\t\t<\/div>\n\t\t\t\t<\/div>\n\t\t\t\t\t<\/div>\n\t\t<\/div>\n\t\t\t\t<div class=\"elementor-column elementor-col-50 elementor-top-column elementor-element elementor-element-2cba40e\" data-id=\"2cba40e\" data-element_type=\"column\" data-e-type=\"column\">\n\t\t\t<div class=\"elementor-widget-wrap elementor-element-populated\">\n\t\t\t\t\t\t<div class=\"elementor-element elementor-element-ddbd99e elementor-widget elementor-widget-image\" data-id=\"ddbd99e\" data-element_type=\"widget\" data-e-type=\"widget\" data-widget_type=\"image.default\">\n\t\t\t\t<div class=\"elementor-widget-container\">\n\t\t\t\t\t\t\t\t\t\t\t\t\t\t\t\t<a href=\"https:\/\/casadeabis.com\/pt\/blog\/miudos-felizes-pais-tranquilos\/\">\n\t\t\t\t\t\t\t<img decoding=\"async\" width=\"800\" height=\"800\" src=\"https:\/\/casadeabis.com\/wp-content\/uploads\/2024\/12\/2-1024x1024.jpg\" class=\"attachment-large size-large wp-image-4453\" alt=\"\" srcset=\"https:\/\/casadeabis.com\/wp-content\/uploads\/2024\/12\/2-1024x1024.jpg 1024w, https:\/\/casadeabis.com\/wp-content\/uploads\/2024\/12\/2-300x300.jpg 300w, https:\/\/casadeabis.com\/wp-content\/uploads\/2024\/12\/2-150x150.jpg 150w, https:\/\/casadeabis.com\/wp-content\/uploads\/2024\/12\/2-768x768.jpg 768w, https:\/\/casadeabis.com\/wp-content\/uploads\/2024\/12\/2-12x12.jpg 12w, https:\/\/casadeabis.com\/wp-content\/uploads\/2024\/12\/2.jpg 1080w\" sizes=\"(max-width: 800px) 100vw, 800px\" \/>\t\t\t\t\t\t\t\t<\/a>\n\t\t\t\t\t\t\t\t\t\t\t\t\t\t\t<\/div>\n\t\t\t\t<\/div>\n\t\t\t\t<div class=\"elementor-element elementor-element-b34cf1e elementor-widget elementor-widget-text-editor\" data-id=\"b34cf1e\" data-element_type=\"widget\" data-e-type=\"widget\" data-widget_type=\"text-editor.default\">\n\t\t\t\t<div class=\"elementor-widget-container\">\n\t\t\t\t\t\t\t\t\t<p>ANIMA\u00c7\u00c3O INFANTIL<\/p>\t\t\t\t\t\t\t\t<\/div>\n\t\t\t\t<\/div>\n\t\t\t\t<div class=\"elementor-element elementor-element-7524540 elementor-widget elementor-widget-heading\" data-id=\"7524540\" data-element_type=\"widget\" data-e-type=\"widget\" data-widget_type=\"heading.default\">\n\t\t\t\t<div class=\"elementor-widget-container\">\n\t\t\t\t\t<h2 class=\"elementor-heading-title elementor-size-default\"><a href=\"https:\/\/casadeabis.com\/pt\/blog\/miudos-felizes-pais-tranquilos\/\">Mi\u00fados Felizes, Pais Tranquilos <\/a><\/h2>\t\t\t\t<\/div>\n\t\t\t\t<\/div>\n\t\t\t\t\t<\/div>\n\t\t<\/div>\n\t\t\t\t\t<\/div>\n\t\t<\/section>\n\t\t\t\t<section class=\"elementor-section elementor-top-section elementor-element elementor-element-8818e8b elementor-section-boxed elementor-section-height-default elementor-section-height-default\" data-id=\"8818e8b\" data-element_type=\"section\" data-e-type=\"section\">\n\t\t\t\t\t\t<div class=\"elementor-container elementor-column-gap-default\">\n\t\t\t\t\t<div class=\"elementor-column elementor-col-100 elementor-top-column elementor-element elementor-element-12c9cd2\" data-id=\"12c9cd2\" data-element_type=\"column\" data-e-type=\"column\">\n\t\t\t<div class=\"elementor-widget-wrap elementor-element-populated\">\n\t\t\t\t\t\t<div class=\"elementor-element elementor-element-0e778f2 elementor-widget elementor-widget-text-editor\" data-id=\"0e778f2\" data-element_type=\"widget\" data-e-type=\"widget\" data-widget_type=\"text-editor.default\">\n\t\t\t\t<div class=\"elementor-widget-container\">\n\t\t\t\t\t\t\t\t\t<p class=\"p1\">Newsletter &#8211; mergulhe num email de sonho, uma vez por m\u00eas<\/p>\t\t\t\t\t\t\t\t<\/div>\n\t\t\t\t<\/div>\n\t\t\t\t<div class=\"elementor-element elementor-element-d03ed19 elementor-button-align-center elementor-widget elementor-widget-form\" data-id=\"d03ed19\" data-element_type=\"widget\" data-e-type=\"widget\" data-settings=\"{&quot;step_next_label&quot;:&quot;Next&quot;,&quot;step_previous_label&quot;:&quot;Previous&quot;,&quot;button_width&quot;:&quot;100&quot;,&quot;step_type&quot;:&quot;number_text&quot;,&quot;step_icon_shape&quot;:&quot;circle&quot;}\" data-widget_type=\"form.default\">\n\t\t\t\t<div class=\"elementor-widget-container\">\n\t\t\t\t\t\t\t<form class=\"elementor-form\" method=\"post\" id=\"newsletterfooter\" name=\"MO13722\" aria-label=\"MO13722\">\n\t\t\t<input type=\"hidden\" name=\"post_id\" value=\"3763\"\/>\n\t\t\t<input type=\"hidden\" name=\"form_id\" value=\"d03ed19\"\/>\n\t\t\t<input type=\"hidden\" name=\"referer_title\" value=\"Casa de Abis | Blog sobre Casamentos e Eventos em Aveiro\" \/>\n\n\t\t\t\t\t\t\t<input type=\"hidden\" name=\"queried_id\" value=\"3763\"\/>\n\t\t\t\n\t\t\t<div class=\"elementor-form-fields-wrapper elementor-labels-above\">\n\t\t\t\t\t\t\t\t<div class=\"elementor-field-type-email elementor-field-group elementor-column elementor-field-group-email elementor-col-100 elementor-field-required elementor-mark-required\">\n\t\t\t\t\t\t\t\t\t\t\t\t\t<input size=\"1\" type=\"email\" name=\"form_fields[email]\" id=\"form-field-email\" class=\"elementor-field elementor-size-sm  elementor-field-textual\" placeholder=\"O meu email\" required=\"required\">\n\t\t\t\t\t\t\t\t\t\t\t<\/div>\n\t\t\t\t\t\t\t\t<div class=\"elementor-field-type-acceptance elementor-field-group elementor-column elementor-field-group-field_cc0576b elementor-col-100 elementor-field-required elementor-mark-required\">\n\t\t\t\t\t\t\t<div class=\"elementor-field-subgroup\">\n\t\t\t<span class=\"elementor-field-option\">\n\t\t\t\t<input type=\"checkbox\" name=\"form_fields[field_cc0576b]\" id=\"form-field-field_cc0576b\" class=\"elementor-field elementor-size-sm  elementor-acceptance-field\" required=\"required\">\n\t\t\t\t<label for=\"form-field-field_cc0576b\"><span style=\"color: rgb(133, 133, 133); font-size: 12px;\">Ao submeter os meus dados aceito a&nbsp;<\/span><span style=\"font-size: 12px;\"><a href=\"https:\/\/casadeabis.com\/pt\/politica-de-privacidade\/\" rel=\"noopener noreferrer\" target=\"_blank\" style=\"text-decoration: none; color: #858585;\">Pol&iacute;tica de Privacidade<\/a><\/span><span style=\"color: rgb(133, 133, 133); font-size: 12px;\"> do site.<\/span><\/p><\/label>\t\t\t<\/span>\n\t\t<\/div>\n\t\t\t\t\t\t<\/div>\n\t\t\t\t\t\t\t\t<div class=\"elementor-field-type-text\">\n\t\t\t\t\t<input size=\"1\" type=\"text\" name=\"form_fields[field_a42f8ed]\" id=\"form-field-field_a42f8ed\" class=\"elementor-field elementor-size-sm \" style=\"display:none !important;\">\t\t\t\t<\/div>\n\t\t\t\t\t\t\t\t<div class=\"elementor-field-group elementor-column elementor-field-type-submit elementor-col-100 e-form__buttons\">\n\t\t\t\t\t<button class=\"elementor-button elementor-size-sm\" type=\"submit\">\n\t\t\t\t\t\t<span class=\"elementor-button-content-wrapper\">\n\t\t\t\t\t\t\t\t\t\t\t\t\t\t\t\t\t\t\t\t\t\t<span class=\"elementor-button-text\">SUBSCREVER<\/span>\n\t\t\t\t\t\t\t\t\t\t\t\t\t<\/span>\n\t\t\t\t\t<\/button>\n\t\t\t\t<\/div>\n\t\t\t<\/div>\n\t\t<\/form>\n\t\t\t\t\t\t<\/div>\n\t\t\t\t<\/div>\n\t\t\t\t\t<\/div>\n\t\t<\/div>\n\t\t\t\t\t<\/div>\n\t\t<\/section>\n\t\t\t\t<\/div>\n\t\t","protected":false},"excerpt":{"rendered":"<p>O nosso blog THE ABIS EDIT Camadas e Glac\u00ea Tudo sobre Bolos de Casamento. Saber mais BOLOS DE CASAMENTO Camadas e Glac\u00ea ANIMA\u00c7\u00c3O INFANTIL Mi\u00fados Felizes, Pais Tranquilos Newsletter &#8211; mergulhe num email de sonho, uma vez por m\u00eas<\/p>","protected":false},"author":2,"featured_media":0,"parent":0,"menu_order":0,"comment_status":"closed","ping_status":"closed","template":"elementor_theme","meta":{"_mo_disable_npp":"","footnotes":""},"class_list":["post-3763","page","type-page","status-publish","hentry"],"yoast_head":"<!-- This site is optimized with the Yoast SEO plugin v27.4 - https:\/\/yoast.com\/product\/yoast-seo-wordpress\/ -->\n<title>Casa de Abis | Blog sobre Casamentos e Eventos em Aveiro<\/title>\n<meta name=\"description\" content=\"Inspire-se com o nosso blog! Dicas sobre casamentos, eventos corporativos e celebra\u00e7\u00f5es na Casa de Abis, a quinta de eventos premium em Aveiro.\" \/>\n<meta name=\"robots\" content=\"index, follow, max-snippet:-1, max-image-preview:large, max-video-preview:-1\" \/>\n<link rel=\"canonical\" href=\"https:\/\/casadeabis.com\/en\/blog\/\" \/>\n<meta property=\"og:locale\" content=\"en_GB\" \/>\n<meta property=\"og:type\" content=\"article\" \/>\n<meta property=\"og:title\" content=\"Casa de Abis | Blog sobre Casamentos e Eventos em Aveiro\" \/>\n<meta property=\"og:description\" content=\"Inspire-se com o nosso blog! Dicas sobre casamentos, eventos corporativos e celebra\u00e7\u00f5es na Casa de Abis, a quinta de eventos premium em Aveiro.\" \/>\n<meta property=\"og:url\" content=\"https:\/\/casadeabis.com\/en\/blog\/\" \/>\n<meta property=\"og:site_name\" content=\"Casa de Abis\" \/>\n<meta property=\"article:publisher\" content=\"https:\/\/www.facebook.com\/casadeabis\/\" \/>\n<meta property=\"article:modified_time\" content=\"2025-02-13T16:54:34+00:00\" \/>\n<meta property=\"og:image\" content=\"https:\/\/casadeabis.com\/wp-content\/uploads\/2024\/12\/1.jpg\" \/>\n\t<meta property=\"og:image:width\" content=\"1080\" \/>\n\t<meta property=\"og:image:height\" content=\"1080\" \/>\n\t<meta property=\"og:image:type\" content=\"image\/jpeg\" \/>\n<meta name=\"twitter:card\" content=\"summary_large_image\" \/>\n<meta name=\"twitter:label1\" content=\"Estimated reading time\" \/>\n\t<meta name=\"twitter:data1\" content=\"1 minute\" \/>\n<script type=\"application\/ld+json\" class=\"yoast-schema-graph\">{\"@context\":\"https:\\\/\\\/schema.org\",\"@graph\":[{\"@type\":\"WebPage\",\"@id\":\"https:\\\/\\\/casadeabis.com\\\/blog\\\/\",\"url\":\"https:\\\/\\\/casadeabis.com\\\/blog\\\/\",\"name\":\"Casa de Abis | Blog sobre Casamentos e Eventos em Aveiro\",\"isPartOf\":{\"@id\":\"https:\\\/\\\/casadeabis.com\\\/pt\\\/#website\"},\"primaryImageOfPage\":{\"@id\":\"https:\\\/\\\/casadeabis.com\\\/blog\\\/#primaryimage\"},\"image\":{\"@id\":\"https:\\\/\\\/casadeabis.com\\\/blog\\\/#primaryimage\"},\"thumbnailUrl\":\"https:\\\/\\\/casadeabis.com\\\/wp-content\\\/uploads\\\/2024\\\/12\\\/1-1024x1024.jpg\",\"datePublished\":\"2024-09-13T17:13:41+00:00\",\"dateModified\":\"2025-02-13T16:54:34+00:00\",\"description\":\"Inspire-se com o nosso blog! Dicas sobre casamentos, eventos corporativos e celebra\u00e7\u00f5es na Casa de Abis, a quinta de eventos premium em Aveiro.\",\"breadcrumb\":{\"@id\":\"https:\\\/\\\/casadeabis.com\\\/blog\\\/#breadcrumb\"},\"inLanguage\":\"en-GB\",\"potentialAction\":[{\"@type\":\"ReadAction\",\"target\":[\"https:\\\/\\\/casadeabis.com\\\/blog\\\/\"]}]},{\"@type\":\"ImageObject\",\"inLanguage\":\"en-GB\",\"@id\":\"https:\\\/\\\/casadeabis.com\\\/blog\\\/#primaryimage\",\"url\":\"https:\\\/\\\/casadeabis.com\\\/wp-content\\\/uploads\\\/2024\\\/12\\\/1-1024x1024.jpg\",\"contentUrl\":\"https:\\\/\\\/casadeabis.com\\\/wp-content\\\/uploads\\\/2024\\\/12\\\/1-1024x1024.jpg\"},{\"@type\":\"BreadcrumbList\",\"@id\":\"https:\\\/\\\/casadeabis.com\\\/blog\\\/#breadcrumb\",\"itemListElement\":[{\"@type\":\"ListItem\",\"position\":1,\"name\":\"In\u00edcio\",\"item\":\"https:\\\/\\\/casadeabis.com\\\/\"},{\"@type\":\"ListItem\",\"position\":2,\"name\":\"Blog\"}]},{\"@type\":\"WebSite\",\"@id\":\"https:\\\/\\\/casadeabis.com\\\/pt\\\/#website\",\"url\":\"https:\\\/\\\/casadeabis.com\\\/pt\\\/\",\"name\":\"Casa de Abis\",\"description\":\"Quinta de eventos - Uma casa feita de fam\u00edlias para fam\u00edlias.\",\"publisher\":{\"@id\":\"https:\\\/\\\/casadeabis.com\\\/pt\\\/#organization\"},\"potentialAction\":[{\"@type\":\"SearchAction\",\"target\":{\"@type\":\"EntryPoint\",\"urlTemplate\":\"https:\\\/\\\/casadeabis.com\\\/pt\\\/?s={search_term_string}\"},\"query-input\":{\"@type\":\"PropertyValueSpecification\",\"valueRequired\":true,\"valueName\":\"search_term_string\"}}],\"inLanguage\":\"en-GB\"},{\"@type\":\"Organization\",\"@id\":\"https:\\\/\\\/casadeabis.com\\\/pt\\\/#organization\",\"name\":\"Casa de Abis\",\"url\":\"https:\\\/\\\/casadeabis.com\\\/pt\\\/\",\"logo\":{\"@type\":\"ImageObject\",\"inLanguage\":\"en-GB\",\"@id\":\"https:\\\/\\\/casadeabis.com\\\/pt\\\/#\\\/schema\\\/logo\\\/image\\\/\",\"url\":\"https:\\\/\\\/casadeabis.com\\\/wp-content\\\/uploads\\\/2024\\\/04\\\/CA-favicon.jpg\",\"contentUrl\":\"https:\\\/\\\/casadeabis.com\\\/wp-content\\\/uploads\\\/2024\\\/04\\\/CA-favicon.jpg\",\"width\":2250,\"height\":2250,\"caption\":\"Casa de Abis\"},\"image\":{\"@id\":\"https:\\\/\\\/casadeabis.com\\\/pt\\\/#\\\/schema\\\/logo\\\/image\\\/\"},\"sameAs\":[\"https:\\\/\\\/www.facebook.com\\\/casadeabis\\\/\",\"https:\\\/\\\/www.instagram.com\\\/casadeabis\\\/\"]}]}<\/script>\n<!-- \/ Yoast SEO plugin. -->","yoast_head_json":{"title":"Casa de Abis | Blog about Weddings and Events in Aveiro","description":"Get inspired with our blog! Tips on weddings, corporate events, and celebrations at Casa de Abis, the premium event venue in Aveiro.","robots":{"index":"index","follow":"follow","max-snippet":"max-snippet:-1","max-image-preview":"max-image-preview:large","max-video-preview":"max-video-preview:-1"},"canonical":"https:\/\/casadeabis.com\/en\/blog\/","og_locale":"en_GB","og_type":"article","og_title":"Casa de Abis | Blog sobre Casamentos e Eventos em Aveiro","og_description":"Inspire-se com o nosso blog! Dicas sobre casamentos, eventos corporativos e celebra\u00e7\u00f5es na Casa de Abis, a quinta de eventos premium em Aveiro.","og_url":"https:\/\/casadeabis.com\/en\/blog\/","og_site_name":"Casa de Abis","article_publisher":"https:\/\/www.facebook.com\/casadeabis\/","article_modified_time":"2025-02-13T16:54:34+00:00","og_image":[{"width":1080,"height":1080,"url":"https:\/\/casadeabis.com\/wp-content\/uploads\/2024\/12\/1.jpg","type":"image\/jpeg"}],"twitter_card":"summary_large_image","twitter_misc":{"Estimated reading time":"1 minute"},"schema":{"@context":"https:\/\/schema.org","@graph":[{"@type":"WebPage","@id":"https:\/\/casadeabis.com\/blog\/","url":"https:\/\/casadeabis.com\/blog\/","name":"Casa de Abis | Blog about Weddings and Events in Aveiro","isPartOf":{"@id":"https:\/\/casadeabis.com\/pt\/#website"},"primaryImageOfPage":{"@id":"https:\/\/casadeabis.com\/blog\/#primaryimage"},"image":{"@id":"https:\/\/casadeabis.com\/blog\/#primaryimage"},"thumbnailUrl":"https:\/\/casadeabis.com\/wp-content\/uploads\/2024\/12\/1-1024x1024.jpg","datePublished":"2024-09-13T17:13:41+00:00","dateModified":"2025-02-13T16:54:34+00:00","description":"Get inspired with our blog! Tips on weddings, corporate events, and celebrations at Casa de Abis, the premium event venue in Aveiro.","breadcrumb":{"@id":"https:\/\/casadeabis.com\/blog\/#breadcrumb"},"inLanguage":"en-GB","potentialAction":[{"@type":"ReadAction","target":["https:\/\/casadeabis.com\/blog\/"]}]},{"@type":"ImageObject","inLanguage":"en-GB","@id":"https:\/\/casadeabis.com\/blog\/#primaryimage","url":"https:\/\/casadeabis.com\/wp-content\/uploads\/2024\/12\/1-1024x1024.jpg","contentUrl":"https:\/\/casadeabis.com\/wp-content\/uploads\/2024\/12\/1-1024x1024.jpg"},{"@type":"BreadcrumbList","@id":"https:\/\/casadeabis.com\/blog\/#breadcrumb","itemListElement":[{"@type":"ListItem","position":1,"name":"In\u00edcio","item":"https:\/\/casadeabis.com\/"},{"@type":"ListItem","position":2,"name":"Blog"}]},{"@type":"WebSite","@id":"https:\/\/casadeabis.com\/pt\/#website","url":"https:\/\/casadeabis.com\/pt\/","name":"Casa de Abis","description":"Quinta de eventos - Uma casa feita de fam\u00edlias para fam\u00edlias.","publisher":{"@id":"https:\/\/casadeabis.com\/pt\/#organization"},"potentialAction":[{"@type":"SearchAction","target":{"@type":"EntryPoint","urlTemplate":"https:\/\/casadeabis.com\/pt\/?s={search_term_string}"},"query-input":{"@type":"PropertyValueSpecification","valueRequired":true,"valueName":"search_term_string"}}],"inLanguage":"en-GB"},{"@type":"Organization","@id":"https:\/\/casadeabis.com\/pt\/#organization","name":"Casa de Abis","url":"https:\/\/casadeabis.com\/pt\/","logo":{"@type":"ImageObject","inLanguage":"en-GB","@id":"https:\/\/casadeabis.com\/pt\/#\/schema\/logo\/image\/","url":"https:\/\/casadeabis.com\/wp-content\/uploads\/2024\/04\/CA-favicon.jpg","contentUrl":"https:\/\/casadeabis.com\/wp-content\/uploads\/2024\/04\/CA-favicon.jpg","width":2250,"height":2250,"caption":"Casa de Abis"},"image":{"@id":"https:\/\/casadeabis.com\/pt\/#\/schema\/logo\/image\/"},"sameAs":["https:\/\/www.facebook.com\/casadeabis\/","https:\/\/www.instagram.com\/casadeabis\/"]}]}},"_links":{"self":[{"href":"https:\/\/casadeabis.com\/en\/wp-json\/wp\/v2\/pages\/3763","targetHints":{"allow":["GET"]}}],"collection":[{"href":"https:\/\/casadeabis.com\/en\/wp-json\/wp\/v2\/pages"}],"about":[{"href":"https:\/\/casadeabis.com\/en\/wp-json\/wp\/v2\/types\/page"}],"author":[{"embeddable":true,"href":"https:\/\/casadeabis.com\/en\/wp-json\/wp\/v2\/users\/2"}],"replies":[{"embeddable":true,"href":"https:\/\/casadeabis.com\/en\/wp-json\/wp\/v2\/comments?post=3763"}],"version-history":[{"count":0,"href":"https:\/\/casadeabis.com\/en\/wp-json\/wp\/v2\/pages\/3763\/revisions"}],"wp:attachment":[{"href":"https:\/\/casadeabis.com\/en\/wp-json\/wp\/v2\/media?parent=3763"}],"curies":[{"name":"wp","href":"https:\/\/api.w.org\/{rel}","templated":true}]}}