{"id":2994,"date":"2024-05-15T15:39:34","date_gmt":"2024-05-15T15:39:34","guid":{"rendered":"https:\/\/casadeabis.com\/?page_id=2994"},"modified":"2025-10-23T16:25:30","modified_gmt":"2025-10-23T15:25:30","slug":"casa-de-abis-quinta-eventos","status":"publish","type":"page","link":"https:\/\/casadeabis.com\/pt\/","title":{"rendered":"Casa de Abis"},"content":{"rendered":"\t\t<div data-elementor-type=\"wp-post\" data-elementor-id=\"2994\" class=\"elementor elementor-2994\" data-elementor-post-type=\"page\">\n\t\t\t\t\t\t<section class=\"elementor-section elementor-top-section elementor-element elementor-element-515ac42 elementor-section-full_width elementor-section-height-min-height elementor-section-content-bottom elementor-hidden-mobile elementor-section-height-default elementor-section-items-middle\" data-id=\"515ac42\" data-element_type=\"section\" data-e-type=\"section\" data-settings=\"{&quot;background_background&quot;:&quot;classic&quot;}\">\n\t\t\t\t\t\t\t<div class=\"elementor-background-overlay\"><\/div>\n\t\t\t\t\t\t\t<div class=\"elementor-container elementor-column-gap-default\">\n\t\t\t\t\t<div class=\"elementor-column elementor-col-100 elementor-top-column elementor-element elementor-element-0357488\" data-id=\"0357488\" data-element_type=\"column\" data-e-type=\"column\">\n\t\t\t<div class=\"elementor-widget-wrap elementor-element-populated\">\n\t\t\t\t\t\t<div class=\"elementor-element elementor-element-a0379fe elementor--v-position-bottom elementor--h-position-center elementor-arrows-position-inside elementor-pagination-position-inside elementor-widget elementor-widget-slides\" data-id=\"a0379fe\" data-element_type=\"widget\" data-e-type=\"widget\" data-settings=\"{&quot;navigation&quot;:&quot;both&quot;,&quot;autoplay&quot;:&quot;yes&quot;,&quot;pause_on_hover&quot;:&quot;yes&quot;,&quot;pause_on_interaction&quot;:&quot;yes&quot;,&quot;autoplay_speed&quot;:5000,&quot;infinite&quot;:&quot;yes&quot;,&quot;transition&quot;:&quot;slide&quot;,&quot;transition_speed&quot;:500}\" data-widget_type=\"slides.default\">\n\t\t\t\t<div class=\"elementor-widget-container\">\n\t\t\t\t\t\t\t\t\t<div class=\"elementor-swiper\">\n\t\t\t\t\t<div class=\"elementor-slides-wrapper elementor-main-swiper swiper\" role=\"region\" aria-roledescription=\"carousel\" aria-label=\"Slides\" dir=\"ltr\" data-animation=\"\">\n\t\t\t\t<div class=\"swiper-wrapper elementor-slides\">\n\t\t\t\t\t\t\t\t\t\t<div class=\"elementor-repeater-item-b1e37cd swiper-slide\" role=\"group\" aria-roledescription=\"slide\"><div class=\"swiper-slide-bg\" role=\"img\" aria-label=\"benner-1\"><\/div><a class=\"swiper-slide-inner\" href=\"https:\/\/casadeabis.com\/sobre-nos\/\"><div class=\"swiper-slide-contents\"><div  class=\"elementor-button elementor-slide-button elementor-size-md\">Sobre n\u00f3s<\/div><\/div><\/a><\/div>\t\t\t\t<\/div>\n\t\t\t\t\t\t\t<\/div>\n\t\t\t\t<\/div>\n\t\t\t\t\t\t\t\t<\/div>\n\t\t\t\t<\/div>\n\t\t\t\t\t<\/div>\n\t\t<\/div>\n\t\t\t\t\t<\/div>\n\t\t<\/section>\n\t\t\t\t<section class=\"elementor-section elementor-top-section elementor-element elementor-element-0926a03 elementor-section-full_width elementor-section-height-min-height elementor-section-content-bottom elementor-hidden-desktop elementor-hidden-tablet elementor-section-height-default elementor-section-items-middle\" data-id=\"0926a03\" data-element_type=\"section\" data-e-type=\"section\" data-settings=\"{&quot;background_background&quot;:&quot;classic&quot;}\">\n\t\t\t\t\t\t\t<div class=\"elementor-background-overlay\"><\/div>\n\t\t\t\t\t\t\t<div class=\"elementor-container elementor-column-gap-default\">\n\t\t\t\t\t<div class=\"elementor-column elementor-col-100 elementor-top-column elementor-element elementor-element-a28569d\" data-id=\"a28569d\" data-element_type=\"column\" data-e-type=\"column\">\n\t\t\t<div class=\"elementor-widget-wrap elementor-element-populated\">\n\t\t\t\t\t\t<div class=\"elementor-element elementor-element-7d2bb9a elementor--v-position-bottom elementor--h-position-center elementor-arrows-position-inside elementor-pagination-position-inside elementor-widget elementor-widget-slides\" data-id=\"7d2bb9a\" data-element_type=\"widget\" data-e-type=\"widget\" data-settings=\"{&quot;navigation&quot;:&quot;both&quot;,&quot;autoplay&quot;:&quot;yes&quot;,&quot;pause_on_hover&quot;:&quot;yes&quot;,&quot;pause_on_interaction&quot;:&quot;yes&quot;,&quot;autoplay_speed&quot;:5000,&quot;infinite&quot;:&quot;yes&quot;,&quot;transition&quot;:&quot;slide&quot;,&quot;transition_speed&quot;:500}\" data-widget_type=\"slides.default\">\n\t\t\t\t<div class=\"elementor-widget-container\">\n\t\t\t\t\t\t\t\t\t<div class=\"elementor-swiper\">\n\t\t\t\t\t<div class=\"elementor-slides-wrapper elementor-main-swiper swiper\" role=\"region\" aria-roledescription=\"carousel\" aria-label=\"Slides\" dir=\"ltr\" data-animation=\"\">\n\t\t\t\t<div class=\"swiper-wrapper elementor-slides\">\n\t\t\t\t\t\t\t\t\t\t<div class=\"elementor-repeater-item-b1e37cd swiper-slide\" role=\"group\" aria-roledescription=\"slide\"><div class=\"swiper-slide-bg\" role=\"img\" aria-label=\"benner-1-mb\"><\/div><a class=\"swiper-slide-inner\" href=\"https:\/\/casadeabis.com\/sobre-nos\/\"><div class=\"swiper-slide-contents\"><div  class=\"elementor-button elementor-slide-button elementor-size-md\">Sobre n\u00f3s<\/div><\/div><\/a><\/div>\t\t\t\t<\/div>\n\t\t\t\t\t\t\t<\/div>\n\t\t\t\t<\/div>\n\t\t\t\t\t\t\t\t<\/div>\n\t\t\t\t<\/div>\n\t\t\t\t\t<\/div>\n\t\t<\/div>\n\t\t\t\t\t<\/div>\n\t\t<\/section>\n\t\t\t\t<section class=\"elementor-section elementor-top-section elementor-element elementor-element-47abf96 elementor-section-full_width elementor-section-height-min-height elementor-section-height-default elementor-section-items-middle\" data-id=\"47abf96\" data-element_type=\"section\" data-e-type=\"section\" data-settings=\"{&quot;background_background&quot;:&quot;classic&quot;}\">\n\t\t\t\t\t\t\t<div class=\"elementor-background-overlay\"><\/div>\n\t\t\t\t\t\t\t<div class=\"elementor-container elementor-column-gap-default\">\n\t\t\t\t\t<div class=\"elementor-column elementor-col-100 elementor-top-column elementor-element elementor-element-bd1941a\" data-id=\"bd1941a\" data-element_type=\"column\" data-e-type=\"column\">\n\t\t\t<div class=\"elementor-widget-wrap elementor-element-populated\">\n\t\t\t\t\t\t<div class=\"elementor-element elementor-element-68e35d9 elementor-align-center animated-slow elementor-invisible elementor-widget elementor-widget-button\" data-id=\"68e35d9\" data-element_type=\"widget\" data-e-type=\"widget\" data-settings=\"{&quot;_animation&quot;:&quot;fadeIn&quot;}\" data-widget_type=\"button.default\">\n\t\t\t\t<div class=\"elementor-widget-container\">\n\t\t\t\t\t\t\t\t\t<div class=\"elementor-button-wrapper\">\n\t\t\t\t\t<a class=\"elementor-button elementor-button-link elementor-size-sm\" href=\"https:\/\/casadeabis.com\/casamentos\/\">\n\t\t\t\t\t\t<span class=\"elementor-button-content-wrapper\">\n\t\t\t\t\t\t\t\t\t<span class=\"elementor-button-text\">CASAMENTOS<\/span>\n\t\t\t\t\t<\/span>\n\t\t\t\t\t<\/a>\n\t\t\t\t<\/div>\n\t\t\t\t\t\t\t\t<\/div>\n\t\t\t\t<\/div>\n\t\t\t\t\t<\/div>\n\t\t<\/div>\n\t\t\t\t\t<\/div>\n\t\t<\/section>\n\t\t\t\t<section class=\"elementor-section elementor-top-section elementor-element elementor-element-fc30772 elementor-section-full_width elementor-section-height-min-height elementor-section-height-default elementor-section-items-middle\" data-id=\"fc30772\" data-element_type=\"section\" data-e-type=\"section\" data-settings=\"{&quot;background_background&quot;:&quot;classic&quot;}\">\n\t\t\t\t\t\t\t<div class=\"elementor-background-overlay\"><\/div>\n\t\t\t\t\t\t\t<div class=\"elementor-container elementor-column-gap-default\">\n\t\t\t\t\t<div class=\"elementor-column elementor-col-100 elementor-top-column elementor-element elementor-element-f156e24\" data-id=\"f156e24\" data-element_type=\"column\" data-e-type=\"column\">\n\t\t\t<div class=\"elementor-widget-wrap elementor-element-populated\">\n\t\t\t\t\t\t<div class=\"elementor-element elementor-element-b3b1cb7 elementor-align-center animated-slow elementor-invisible elementor-widget elementor-widget-button\" data-id=\"b3b1cb7\" data-element_type=\"widget\" data-e-type=\"widget\" data-settings=\"{&quot;_animation&quot;:&quot;fadeIn&quot;}\" data-widget_type=\"button.default\">\n\t\t\t\t<div class=\"elementor-widget-container\">\n\t\t\t\t\t\t\t\t\t<div class=\"elementor-button-wrapper\">\n\t\t\t\t\t<a class=\"elementor-button elementor-button-link elementor-size-sm\" href=\"https:\/\/casadeabis.com\/pt\/corporativo\/\">\n\t\t\t\t\t\t<span class=\"elementor-button-content-wrapper\">\n\t\t\t\t\t\t\t\t\t<span class=\"elementor-button-text\">CORPORATIVO<\/span>\n\t\t\t\t\t<\/span>\n\t\t\t\t\t<\/a>\n\t\t\t\t<\/div>\n\t\t\t\t\t\t\t\t<\/div>\n\t\t\t\t<\/div>\n\t\t\t\t\t<\/div>\n\t\t<\/div>\n\t\t\t\t\t<\/div>\n\t\t<\/section>\n\t\t\t\t<section class=\"elementor-section elementor-top-section elementor-element elementor-element-ae3a6b0 elementor-section-full_width elementor-section-height-min-height elementor-section-height-default elementor-section-items-middle\" data-id=\"ae3a6b0\" data-element_type=\"section\" data-e-type=\"section\" data-settings=\"{&quot;background_background&quot;:&quot;classic&quot;}\">\n\t\t\t\t\t\t\t<div class=\"elementor-background-overlay\"><\/div>\n\t\t\t\t\t\t\t<div class=\"elementor-container elementor-column-gap-default\">\n\t\t\t\t\t<div class=\"elementor-column elementor-col-100 elementor-top-column elementor-element elementor-element-258f081\" data-id=\"258f081\" data-element_type=\"column\" data-e-type=\"column\">\n\t\t\t<div class=\"elementor-widget-wrap elementor-element-populated\">\n\t\t\t\t\t\t<div class=\"elementor-element elementor-element-bf26686 elementor-align-center animated-slow elementor-invisible elementor-widget elementor-widget-button\" data-id=\"bf26686\" data-element_type=\"widget\" data-e-type=\"widget\" data-settings=\"{&quot;_animation&quot;:&quot;fadeIn&quot;}\" data-widget_type=\"button.default\">\n\t\t\t\t<div class=\"elementor-widget-container\">\n\t\t\t\t\t\t\t\t\t<div class=\"elementor-button-wrapper\">\n\t\t\t\t\t<a class=\"elementor-button elementor-button-link elementor-size-sm\" href=\"https:\/\/casadeabis.com\/eventos\/\">\n\t\t\t\t\t\t<span class=\"elementor-button-content-wrapper\">\n\t\t\t\t\t\t\t\t\t<span class=\"elementor-button-text\">EVENTOS<\/span>\n\t\t\t\t\t<\/span>\n\t\t\t\t\t<\/a>\n\t\t\t\t<\/div>\n\t\t\t\t\t\t\t\t<\/div>\n\t\t\t\t<\/div>\n\t\t\t\t\t<\/div>\n\t\t<\/div>\n\t\t\t\t\t<\/div>\n\t\t<\/section>\n\t\t\t\t<section class=\"elementor-section elementor-top-section elementor-element elementor-element-ef68fcf elementor-section-boxed elementor-section-height-default elementor-section-height-default\" data-id=\"ef68fcf\" data-element_type=\"section\" data-e-type=\"section\">\n\t\t\t\t\t\t<div class=\"elementor-container elementor-column-gap-default\">\n\t\t\t\t\t<div class=\"elementor-column elementor-col-100 elementor-top-column elementor-element elementor-element-598a573\" data-id=\"598a573\" data-element_type=\"column\" data-e-type=\"column\">\n\t\t\t<div class=\"elementor-widget-wrap elementor-element-populated\">\n\t\t\t\t\t\t<div class=\"elementor-element elementor-element-cb06d93 elementor-widget elementor-widget-text-editor\" data-id=\"cb06d93\" data-element_type=\"widget\" data-e-type=\"widget\" data-widget_type=\"text-editor.default\">\n\t\t\t\t<div class=\"elementor-widget-container\">\n\t\t\t\t\t\t\t\t\t<p class=\"p1\">Newsletter &#8211; mergulhe num email de sonho, uma vez por m\u00eas<\/p>\t\t\t\t\t\t\t\t<\/div>\n\t\t\t\t<\/div>\n\t\t\t\t<div class=\"elementor-element elementor-element-134a5b9 elementor-button-align-center elementor-widget elementor-widget-form\" data-id=\"134a5b9\" data-element_type=\"widget\" data-e-type=\"widget\" data-settings=\"{&quot;step_next_label&quot;:&quot;Next&quot;,&quot;step_previous_label&quot;:&quot;Previous&quot;,&quot;button_width&quot;:&quot;100&quot;,&quot;step_type&quot;:&quot;number_text&quot;,&quot;step_icon_shape&quot;:&quot;circle&quot;}\" data-widget_type=\"form.default\">\n\t\t\t\t<div class=\"elementor-widget-container\">\n\t\t\t\t\t\t\t<form class=\"elementor-form\" method=\"post\" id=\"newsletterfooter\" name=\"MO13722\" aria-label=\"MO13722\">\n\t\t\t<input type=\"hidden\" name=\"post_id\" value=\"2994\"\/>\n\t\t\t<input type=\"hidden\" name=\"form_id\" value=\"134a5b9\"\/>\n\t\t\t<input type=\"hidden\" name=\"referer_title\" value=\"Quinta de eventos em Aveiro - Casamentos, Corporate, Eventos.\" \/>\n\n\t\t\t\t\t\t\t<input type=\"hidden\" name=\"queried_id\" value=\"2994\"\/>\n\t\t\t\n\t\t\t<div class=\"elementor-form-fields-wrapper elementor-labels-above\">\n\t\t\t\t\t\t\t\t<div class=\"elementor-field-type-email elementor-field-group elementor-column elementor-field-group-email elementor-col-100 elementor-field-required elementor-mark-required\">\n\t\t\t\t\t\t\t\t\t\t\t\t\t<input size=\"1\" type=\"email\" name=\"form_fields[email]\" id=\"form-field-email\" class=\"elementor-field elementor-size-sm  elementor-field-textual\" placeholder=\"O meu email\" required=\"required\">\n\t\t\t\t\t\t\t\t\t\t\t<\/div>\n\t\t\t\t\t\t\t\t<div class=\"elementor-field-type-acceptance elementor-field-group elementor-column elementor-field-group-field_cc0576b elementor-col-100 elementor-field-required elementor-mark-required\">\n\t\t\t\t\t\t\t<div class=\"elementor-field-subgroup\">\n\t\t\t<span class=\"elementor-field-option\">\n\t\t\t\t<input type=\"checkbox\" name=\"form_fields[field_cc0576b]\" id=\"form-field-field_cc0576b\" class=\"elementor-field elementor-size-sm  elementor-acceptance-field\" required=\"required\">\n\t\t\t\t<label for=\"form-field-field_cc0576b\"><span style=\"color: rgb(133, 133, 133); font-size: 12px;\">Ao submeter os meus dados aceito a&nbsp;<\/span><span style=\"font-size: 12px;\"><a href=\"https:\/\/casadeabis.com\/pt\/politica-de-privacidade\/\" rel=\"noopener noreferrer\" target=\"_blank\" style=\"text-decoration: none; color: #858585;\">Pol&iacute;tica de Privacidade<\/a><\/span><span style=\"color: rgb(133, 133, 133); font-size: 12px;\"> do site.<\/span><\/p><\/label>\t\t\t<\/span>\n\t\t<\/div>\n\t\t\t\t\t\t<\/div>\n\t\t\t\t\t\t\t\t<div class=\"elementor-field-group elementor-column elementor-field-type-submit elementor-col-100 e-form__buttons\">\n\t\t\t\t\t<button class=\"elementor-button elementor-size-sm\" type=\"submit\">\n\t\t\t\t\t\t<span class=\"elementor-button-content-wrapper\">\n\t\t\t\t\t\t\t\t\t\t\t\t\t\t\t\t\t\t\t\t\t\t<span class=\"elementor-button-text\">SUBSCREVER<\/span>\n\t\t\t\t\t\t\t\t\t\t\t\t\t<\/span>\n\t\t\t\t\t<\/button>\n\t\t\t\t<\/div>\n\t\t\t<\/div>\n\t\t<\/form>\n\t\t\t\t\t\t<\/div>\n\t\t\t\t<\/div>\n\t\t\t\t\t<\/div>\n\t\t<\/div>\n\t\t\t\t\t<\/div>\n\t\t<\/section>\n\t\t\t\t<\/div>\n\t\t","protected":false},"excerpt":{"rendered":"<p>Sobre n\u00f3s Sobre n\u00f3s CASAMENTOS CORPORATIVO EVENTOS Newsletter &#8211; mergulhe num email de sonho, uma vez por m\u00eas<\/p>\n","protected":false},"author":2,"featured_media":0,"parent":0,"menu_order":0,"comment_status":"closed","ping_status":"closed","template":"elementor_theme","meta":{"_mo_disable_npp":"","footnotes":""},"class_list":["post-2994","page","type-page","status-publish","hentry"],"yoast_head":"<!-- This site is optimized with the Yoast SEO plugin v27.4 - https:\/\/yoast.com\/product\/yoast-seo-wordpress\/ -->\n<title>Quinta de eventos em Aveiro - Casamentos, Corporate, Eventos.<\/title>\n<meta name=\"description\" content=\"Casa de Abis \u00e9 uma quinta de eventos em Aveiro, ideal para casamentos, eventos corporativos e celebra\u00e7\u00f5es exclusivas. Oferecemos sofistica\u00e7\u00e3o e servi\u00e7o premium para momentos inesquec\u00edveis.\" \/>\n<meta name=\"robots\" content=\"index, follow, max-snippet:-1, max-image-preview:large, max-video-preview:-1\" \/>\n<link rel=\"canonical\" href=\"https:\/\/casadeabis.com\/pt\/\" \/>\n<meta property=\"og:locale\" content=\"pt_PT\" \/>\n<meta property=\"og:type\" content=\"article\" \/>\n<meta property=\"og:title\" content=\"Quinta de eventos em Aveiro - Casamentos, Corporate, Eventos.\" \/>\n<meta property=\"og:description\" content=\"Casa de Abis \u00e9 uma quinta de eventos em Aveiro, ideal para casamentos, eventos corporativos e celebra\u00e7\u00f5es exclusivas. Oferecemos sofistica\u00e7\u00e3o e servi\u00e7o premium para momentos inesquec\u00edveis.\" \/>\n<meta property=\"og:url\" content=\"https:\/\/casadeabis.com\/pt\/\" \/>\n<meta property=\"og:site_name\" content=\"Casa de Abis\" \/>\n<meta property=\"article:publisher\" content=\"https:\/\/www.facebook.com\/casadeabis\/\" \/>\n<meta property=\"article:modified_time\" content=\"2025-10-23T15:25:30+00:00\" \/>\n<meta property=\"og:image\" content=\"https:\/\/casadeabis.com\/wp-content\/uploads\/2024\/05\/Casa-de-Abis-casamentos-empresas-familias-4.jpg\" \/>\n\t<meta property=\"og:image:width\" content=\"1080\" \/>\n\t<meta property=\"og:image:height\" content=\"1080\" \/>\n\t<meta property=\"og:image:type\" content=\"image\/jpeg\" \/>\n<meta name=\"twitter:card\" content=\"summary_large_image\" \/>\n<meta name=\"twitter:label1\" content=\"Tempo estimado de leitura\" \/>\n\t<meta name=\"twitter:data1\" content=\"1 minuto\" \/>\n<script type=\"application\/ld+json\" class=\"yoast-schema-graph\">{\"@context\":\"https:\\\/\\\/schema.org\",\"@graph\":[{\"@type\":\"WebPage\",\"@id\":\"https:\\\/\\\/casadeabis.com\\\/\",\"url\":\"https:\\\/\\\/casadeabis.com\\\/\",\"name\":\"Quinta de eventos em Aveiro - Casamentos, Corporate, Eventos.\",\"isPartOf\":{\"@id\":\"https:\\\/\\\/casadeabis.com\\\/pt\\\/#website\"},\"datePublished\":\"2024-05-15T15:39:34+00:00\",\"dateModified\":\"2025-10-23T15:25:30+00:00\",\"description\":\"Casa de Abis \u00e9 uma quinta de eventos em Aveiro, ideal para casamentos, eventos corporativos e celebra\u00e7\u00f5es exclusivas. Oferecemos sofistica\u00e7\u00e3o e servi\u00e7o premium para momentos inesquec\u00edveis.\",\"breadcrumb\":{\"@id\":\"https:\\\/\\\/casadeabis.com\\\/#breadcrumb\"},\"inLanguage\":\"pt-PT\",\"potentialAction\":[{\"@type\":\"ReadAction\",\"target\":[\"https:\\\/\\\/casadeabis.com\\\/\"]}]},{\"@type\":\"BreadcrumbList\",\"@id\":\"https:\\\/\\\/casadeabis.com\\\/#breadcrumb\",\"itemListElement\":[{\"@type\":\"ListItem\",\"position\":1,\"name\":\"In\u00edcio\",\"item\":\"https:\\\/\\\/casadeabis.com\\\/\"},{\"@type\":\"ListItem\",\"position\":2,\"name\":\"Casa de Abis\"}]},{\"@type\":\"WebSite\",\"@id\":\"https:\\\/\\\/casadeabis.com\\\/pt\\\/#website\",\"url\":\"https:\\\/\\\/casadeabis.com\\\/pt\\\/\",\"name\":\"Casa de Abis\",\"description\":\"Quinta de eventos - Uma casa feita de fam\u00edlias para fam\u00edlias.\",\"publisher\":{\"@id\":\"https:\\\/\\\/casadeabis.com\\\/pt\\\/#organization\"},\"potentialAction\":[{\"@type\":\"SearchAction\",\"target\":{\"@type\":\"EntryPoint\",\"urlTemplate\":\"https:\\\/\\\/casadeabis.com\\\/pt\\\/?s={search_term_string}\"},\"query-input\":{\"@type\":\"PropertyValueSpecification\",\"valueRequired\":true,\"valueName\":\"search_term_string\"}}],\"inLanguage\":\"pt-PT\"},{\"@type\":\"Organization\",\"@id\":\"https:\\\/\\\/casadeabis.com\\\/pt\\\/#organization\",\"name\":\"Casa de Abis\",\"url\":\"https:\\\/\\\/casadeabis.com\\\/pt\\\/\",\"logo\":{\"@type\":\"ImageObject\",\"inLanguage\":\"pt-PT\",\"@id\":\"https:\\\/\\\/casadeabis.com\\\/pt\\\/#\\\/schema\\\/logo\\\/image\\\/\",\"url\":\"https:\\\/\\\/casadeabis.com\\\/wp-content\\\/uploads\\\/2024\\\/04\\\/CA-favicon.jpg\",\"contentUrl\":\"https:\\\/\\\/casadeabis.com\\\/wp-content\\\/uploads\\\/2024\\\/04\\\/CA-favicon.jpg\",\"width\":2250,\"height\":2250,\"caption\":\"Casa de Abis\"},\"image\":{\"@id\":\"https:\\\/\\\/casadeabis.com\\\/pt\\\/#\\\/schema\\\/logo\\\/image\\\/\"},\"sameAs\":[\"https:\\\/\\\/www.facebook.com\\\/casadeabis\\\/\",\"https:\\\/\\\/www.instagram.com\\\/casadeabis\\\/\"]}]}<\/script>\n<!-- \/ Yoast SEO plugin. -->","yoast_head_json":{"title":"Quinta de eventos em Aveiro - Casamentos, Corporate, Eventos.","description":"Casa de Abis \u00e9 uma quinta de eventos em Aveiro, ideal para casamentos, eventos corporativos e celebra\u00e7\u00f5es exclusivas. Oferecemos sofistica\u00e7\u00e3o e servi\u00e7o premium para momentos inesquec\u00edveis.","robots":{"index":"index","follow":"follow","max-snippet":"max-snippet:-1","max-image-preview":"max-image-preview:large","max-video-preview":"max-video-preview:-1"},"canonical":"https:\/\/casadeabis.com\/pt\/","og_locale":"pt_PT","og_type":"article","og_title":"Quinta de eventos em Aveiro - Casamentos, Corporate, Eventos.","og_description":"Casa de Abis \u00e9 uma quinta de eventos em Aveiro, ideal para casamentos, eventos corporativos e celebra\u00e7\u00f5es exclusivas. Oferecemos sofistica\u00e7\u00e3o e servi\u00e7o premium para momentos inesquec\u00edveis.","og_url":"https:\/\/casadeabis.com\/pt\/","og_site_name":"Casa de Abis","article_publisher":"https:\/\/www.facebook.com\/casadeabis\/","article_modified_time":"2025-10-23T15:25:30+00:00","og_image":[{"width":1080,"height":1080,"url":"https:\/\/casadeabis.com\/wp-content\/uploads\/2024\/05\/Casa-de-Abis-casamentos-empresas-familias-4.jpg","type":"image\/jpeg"}],"twitter_card":"summary_large_image","twitter_misc":{"Tempo estimado de leitura":"1 minuto"},"schema":{"@context":"https:\/\/schema.org","@graph":[{"@type":"WebPage","@id":"https:\/\/casadeabis.com\/","url":"https:\/\/casadeabis.com\/","name":"Quinta de eventos em Aveiro - Casamentos, Corporate, Eventos.","isPartOf":{"@id":"https:\/\/casadeabis.com\/pt\/#website"},"datePublished":"2024-05-15T15:39:34+00:00","dateModified":"2025-10-23T15:25:30+00:00","description":"Casa de Abis \u00e9 uma quinta de eventos em Aveiro, ideal para casamentos, eventos corporativos e celebra\u00e7\u00f5es exclusivas. Oferecemos sofistica\u00e7\u00e3o e servi\u00e7o premium para momentos inesquec\u00edveis.","breadcrumb":{"@id":"https:\/\/casadeabis.com\/#breadcrumb"},"inLanguage":"pt-PT","potentialAction":[{"@type":"ReadAction","target":["https:\/\/casadeabis.com\/"]}]},{"@type":"BreadcrumbList","@id":"https:\/\/casadeabis.com\/#breadcrumb","itemListElement":[{"@type":"ListItem","position":1,"name":"In\u00edcio","item":"https:\/\/casadeabis.com\/"},{"@type":"ListItem","position":2,"name":"Casa de Abis"}]},{"@type":"WebSite","@id":"https:\/\/casadeabis.com\/pt\/#website","url":"https:\/\/casadeabis.com\/pt\/","name":"Casa de Abis","description":"Quinta de eventos - Uma casa feita de fam\u00edlias para fam\u00edlias.","publisher":{"@id":"https:\/\/casadeabis.com\/pt\/#organization"},"potentialAction":[{"@type":"SearchAction","target":{"@type":"EntryPoint","urlTemplate":"https:\/\/casadeabis.com\/pt\/?s={search_term_string}"},"query-input":{"@type":"PropertyValueSpecification","valueRequired":true,"valueName":"search_term_string"}}],"inLanguage":"pt-PT"},{"@type":"Organization","@id":"https:\/\/casadeabis.com\/pt\/#organization","name":"Casa de Abis","url":"https:\/\/casadeabis.com\/pt\/","logo":{"@type":"ImageObject","inLanguage":"pt-PT","@id":"https:\/\/casadeabis.com\/pt\/#\/schema\/logo\/image\/","url":"https:\/\/casadeabis.com\/wp-content\/uploads\/2024\/04\/CA-favicon.jpg","contentUrl":"https:\/\/casadeabis.com\/wp-content\/uploads\/2024\/04\/CA-favicon.jpg","width":2250,"height":2250,"caption":"Casa de Abis"},"image":{"@id":"https:\/\/casadeabis.com\/pt\/#\/schema\/logo\/image\/"},"sameAs":["https:\/\/www.facebook.com\/casadeabis\/","https:\/\/www.instagram.com\/casadeabis\/"]}]}},"_links":{"self":[{"href":"https:\/\/casadeabis.com\/pt\/wp-json\/wp\/v2\/pages\/2994","targetHints":{"allow":["GET"]}}],"collection":[{"href":"https:\/\/casadeabis.com\/pt\/wp-json\/wp\/v2\/pages"}],"about":[{"href":"https:\/\/casadeabis.com\/pt\/wp-json\/wp\/v2\/types\/page"}],"author":[{"embeddable":true,"href":"https:\/\/casadeabis.com\/pt\/wp-json\/wp\/v2\/users\/2"}],"replies":[{"embeddable":true,"href":"https:\/\/casadeabis.com\/pt\/wp-json\/wp\/v2\/comments?post=2994"}],"version-history":[{"count":0,"href":"https:\/\/casadeabis.com\/pt\/wp-json\/wp\/v2\/pages\/2994\/revisions"}],"wp:attachment":[{"href":"https:\/\/casadeabis.com\/pt\/wp-json\/wp\/v2\/media?parent=2994"}],"curies":[{"name":"wp","href":"https:\/\/api.w.org\/{rel}","templated":true}]}}